{"id":265,"date":"2024-07-31T19:29:04","date_gmt":"2024-07-31T23:29:04","guid":{"rendered":"https:\/\/gepuc.cl\/?page_id=265"},"modified":"2024-08-01T17:57:36","modified_gmt":"2024-08-01T21:57:36","slug":"difusion","status":"publish","type":"page","link":"https:\/\/gepuc.cl\/?page_id=265","title":{"rendered":"Difusi\u00f3n"},"content":{"rendered":"\t\t<div data-elementor-type=\"wp-page\" data-elementor-id=\"265\" class=\"elementor elementor-265\">\n\t\t\t\t\t\t<section class=\"elementor-section elementor-top-section elementor-element elementor-element-03884d7 elementor-section-boxed elementor-section-height-default elementor-section-height-default\" data-id=\"03884d7\" data-element_type=\"section\" data-e-type=\"section\">\n\t\t\t\t\t\t<div class=\"elementor-container elementor-column-gap-default\">\n\t\t\t\t\t<div class=\"elementor-column elementor-col-100 elementor-top-column elementor-element elementor-element-44d3d92\" data-id=\"44d3d92\" data-element_type=\"column\" data-e-type=\"column\">\n\t\t\t<div class=\"elementor-widget-wrap elementor-element-populated\">\n\t\t\t\t\t\t<section class=\"elementor-section elementor-inner-section elementor-element elementor-element-66fbe4a elementor-section-boxed elementor-section-height-default elementor-section-height-default\" data-id=\"66fbe4a\" data-element_type=\"section\" data-e-type=\"section\">\n\t\t\t\t\t\t<div class=\"elementor-container elementor-column-gap-default\">\n\t\t\t\t\t<div class=\"elementor-column elementor-col-100 elementor-inner-column elementor-element elementor-element-3e9f299\" data-id=\"3e9f299\" data-element_type=\"column\" data-e-type=\"column\">\n\t\t\t<div class=\"elementor-widget-wrap elementor-element-populated\">\n\t\t\t\t\t\t<div class=\"elementor-element elementor-element-eb19a86 color-scheme-inherit text-left elementor-widget elementor-widget-text-editor\" data-id=\"eb19a86\" data-element_type=\"widget\" data-e-type=\"widget\" data-widget_type=\"text-editor.default\">\n\t\t\t\t<div class=\"elementor-widget-container\">\n\t\t\t\t\t\t\t\t\t<p><span style=\"font-weight: 400;\">En GEPUC, nos comprometemos a la difusi\u00f3n de conocimientos y mejores pr\u00e1cticas en gesti\u00f3n de producci\u00f3n y \u00e1reas relacionadas. A trav\u00e9s de una variedad de actividades, buscamos compartir nuestras investigaciones, descubrimientos y avances con la comunidad acad\u00e9mica, empresarial y el sector p\u00fablico, promoviendo as\u00ed una cultura de aprendizaje continuo y colaboraci\u00f3n.\u00a0<\/span><\/p>\t\t\t\t\t\t\t\t<\/div>\n\t\t\t\t<\/div>\n\t\t\t\t\t<\/div>\n\t\t<\/div>\n\t\t\t\t\t<\/div>\n\t\t<\/section>\n\t\t\t\t\t<\/div>\n\t\t<\/div>\n\t\t\t\t\t<\/div>\n\t\t<\/section>\n\t\t\t\t<section class=\"elementor-section elementor-top-section elementor-element elementor-element-66188e3 elementor-section-boxed elementor-section-height-default elementor-section-height-default\" data-id=\"66188e3\" data-element_type=\"section\" data-e-type=\"section\">\n\t\t\t\t\t\t<div class=\"elementor-container elementor-column-gap-default\">\n\t\t\t\t\t<div class=\"elementor-column elementor-col-100 elementor-top-column elementor-element elementor-element-8063e97\" data-id=\"8063e97\" data-element_type=\"column\" data-e-type=\"column\">\n\t\t\t<div class=\"elementor-widget-wrap elementor-element-populated\">\n\t\t\t\t\t\t<div class=\"elementor-element elementor-element-e640540 elementor-widget elementor-widget-heading\" data-id=\"e640540\" data-element_type=\"widget\" data-e-type=\"widget\" data-widget_type=\"heading.default\">\n\t\t\t\t<div class=\"elementor-widget-container\">\n\t\t\t\t\t<h3 class=\"elementor-heading-title elementor-size-default\">Seminarios &amp; Webinars<\/h3>\t\t\t\t<\/div>\n\t\t\t\t<\/div>\n\t\t\t\t<section class=\"elementor-section elementor-inner-section elementor-element elementor-element-22fc2a8 elementor-section-boxed elementor-section-height-default elementor-section-height-default\" data-id=\"22fc2a8\" data-element_type=\"section\" data-e-type=\"section\">\n\t\t\t\t\t\t<div class=\"elementor-container elementor-column-gap-default\">\n\t\t\t\t\t<div class=\"elementor-column elementor-col-100 elementor-inner-column elementor-element elementor-element-abeb0ad\" data-id=\"abeb0ad\" data-element_type=\"column\" data-e-type=\"column\">\n\t\t\t<div class=\"elementor-widget-wrap elementor-element-populated\">\n\t\t\t\t\t\t<div class=\"elementor-element elementor-element-fbc48ae color-scheme-inherit text-left elementor-widget elementor-widget-text-editor\" data-id=\"fbc48ae\" data-element_type=\"widget\" data-e-type=\"widget\" data-widget_type=\"text-editor.default\">\n\t\t\t\t<div class=\"elementor-widget-container\">\n\t\t\t\t\t\t\t\t\t<p><span style=\"font-weight: 400;\">Organizamos peri\u00f3dicamente seminarios presenciales y webinars, donde expertos en diversas \u00e1reas comparten sus conocimientos y experiencias. Estos eventos ofrecen una oportunidad \u00fanica para que profesionales y organizaciones se mantengan al d\u00eda con las \u00faltimas tendencias y tecnolog\u00edas en gesti\u00f3n de producci\u00f3n, as\u00ed como en otras \u00e1reas estrat\u00e9gicas. Los webinars son grabados y puestos a disposici\u00f3n del p\u00fablico en nuestro canal de<\/span><a href=\"https:\/\/www.youtube.com\/@GEPUC_UC\"><span style=\"font-weight: 400;\"> YouTube<\/span><\/a><span style=\"font-weight: 400;\">, facilitando el acceso a informaci\u00f3n valiosa en cualquier momento y desde cualquier lugar.\u00a0<\/span><\/p>\t\t\t\t\t\t\t\t<\/div>\n\t\t\t\t<\/div>\n\t\t\t\t\t<\/div>\n\t\t<\/div>\n\t\t\t\t\t<\/div>\n\t\t<\/section>\n\t\t\t\t\t<\/div>\n\t\t<\/div>\n\t\t\t\t\t<\/div>\n\t\t<\/section>\n\t\t\t\t<section class=\"elementor-section elementor-top-section elementor-element elementor-element-fc09e3d elementor-section-boxed elementor-section-height-default elementor-section-height-default\" data-id=\"fc09e3d\" data-element_type=\"section\" data-e-type=\"section\">\n\t\t\t\t\t\t<div class=\"elementor-container elementor-column-gap-default\">\n\t\t\t\t\t<div class=\"elementor-column elementor-col-100 elementor-top-column elementor-element elementor-element-4ca44b2\" data-id=\"4ca44b2\" data-element_type=\"column\" data-e-type=\"column\">\n\t\t\t<div class=\"elementor-widget-wrap elementor-element-populated\">\n\t\t\t\t\t\t<div class=\"elementor-element elementor-element-68ed47b elementor-widget elementor-widget-heading\" data-id=\"68ed47b\" data-element_type=\"widget\" data-e-type=\"widget\" data-widget_type=\"heading.default\">\n\t\t\t\t<div class=\"elementor-widget-container\">\n\t\t\t\t\t<h3 class=\"elementor-heading-title elementor-size-default\">Conferencias<\/h3>\t\t\t\t<\/div>\n\t\t\t\t<\/div>\n\t\t\t\t<div class=\"elementor-element elementor-element-fcdff0c color-scheme-inherit text-left elementor-widget elementor-widget-text-editor\" data-id=\"fcdff0c\" data-element_type=\"widget\" data-e-type=\"widget\" data-widget_type=\"text-editor.default\">\n\t\t\t\t<div class=\"elementor-widget-container\">\n\t\t\t\t\t\t\t\t\t<p><span style=\"font-weight: 400;\">GEPUC participa y organiza activamente conferencias y workshops en colaboraci\u00f3n con acad\u00e9micos y especialistas en nuestras \u00e1reas prioritarias. Estas conferencias no solo sirven como plataformas para la presentaci\u00f3n de investigaciones de vanguardia, sino tambi\u00e9n como espacios de intercambio y networking entre profesionales de diferentes sectores. Algunos ejemplos destacados de nuestra participaci\u00f3n incluyen eventos organizados con grupos internacionales como:\u00a0<\/span><\/p>\t\t\t\t\t\t\t\t<\/div>\n\t\t\t\t<\/div>\n\t\t\t\t<section class=\"elementor-section elementor-inner-section elementor-element elementor-element-d2044de elementor-section-content-middle elementor-section-boxed elementor-section-height-default elementor-section-height-default\" data-id=\"d2044de\" data-element_type=\"section\" data-e-type=\"section\">\n\t\t\t\t\t\t<div class=\"elementor-container elementor-column-gap-default\">\n\t\t\t\t\t<div class=\"elementor-column elementor-col-50 elementor-inner-column elementor-element elementor-element-4d2ebde\" data-id=\"4d2ebde\" data-element_type=\"column\" data-e-type=\"column\">\n\t\t\t<div class=\"elementor-widget-wrap elementor-element-populated\">\n\t\t\t\t\t\t<div class=\"elementor-element elementor-element-376ccb8 elementor-widget elementor-widget-heading\" data-id=\"376ccb8\" data-element_type=\"widget\" data-e-type=\"widget\" data-widget_type=\"heading.default\">\n\t\t\t\t<div class=\"elementor-widget-container\">\n\t\t\t\t\t<h4 class=\"elementor-heading-title elementor-size-default\">Lean in Public Sector Conference<\/h4>\t\t\t\t<\/div>\n\t\t\t\t<\/div>\n\t\t\t\t<div class=\"elementor-element elementor-element-bcb17bf color-scheme-inherit text-left elementor-widget elementor-widget-text-editor\" data-id=\"bcb17bf\" data-element_type=\"widget\" data-e-type=\"widget\" data-widget_type=\"text-editor.default\">\n\t\t\t\t<div class=\"elementor-widget-container\">\n\t\t\t\t\t\t\t\t\t<p><span style=\"font-weight: 400;\">Lean in the Public Sector (LIPS) es un foro internacional en el que los profesionales comparten las lecciones aprendidas durante la transformaci\u00f3n Lean en el sector p\u00fablico y en organizaciones sin \u00e1nimo de lucro. El contenido que educa, informa e inspira a Lean Construction, Lean Government, Lean Service y Lean Enterprise es uno de los objetivos del grupo.\u00a0<\/span><\/p>\t\t\t\t\t\t\t\t<\/div>\n\t\t\t\t<\/div>\n\t\t\t\t\t<\/div>\n\t\t<\/div>\n\t\t\t\t<div class=\"elementor-column elementor-col-50 elementor-inner-column elementor-element elementor-element-69c135b\" data-id=\"69c135b\" data-element_type=\"column\" data-e-type=\"column\">\n\t\t\t<div class=\"elementor-widget-wrap elementor-element-populated\">\n\t\t\t\t\t\t<div class=\"elementor-element elementor-element-e643bee elementor-widget elementor-widget-image\" data-id=\"e643bee\" data-element_type=\"widget\" data-e-type=\"widget\" data-widget_type=\"image.default\">\n\t\t\t\t<div class=\"elementor-widget-container\">\n\t\t\t\t\t\t\t\t\t\t\t\t\t\t\t<img fetchpriority=\"high\" decoding=\"async\" width=\"1000\" height=\"529\" src=\"https:\/\/gepuc.cl\/wp-content\/uploads\/2024\/08\/Logo-LIPS.png\" class=\"attachment-full size-full wp-image-292\" alt=\"\" srcset=\"https:\/\/gepuc.cl\/wp-content\/uploads\/2024\/08\/Logo-LIPS.png 1000w, https:\/\/gepuc.cl\/wp-content\/uploads\/2024\/08\/Logo-LIPS-300x159.png 300w, https:\/\/gepuc.cl\/wp-content\/uploads\/2024\/08\/Logo-LIPS-768x406.png 768w\" sizes=\"(max-width: 1000px) 100vw, 1000px\" \/>\t\t\t\t\t\t\t\t\t\t\t\t\t\t\t<\/div>\n\t\t\t\t<\/div>\n\t\t\t\t\t<\/div>\n\t\t<\/div>\n\t\t\t\t\t<\/div>\n\t\t<\/section>\n\t\t\t\t<section class=\"elementor-section elementor-inner-section elementor-element elementor-element-703b3d3 elementor-section-content-middle elementor-section-boxed elementor-section-height-default elementor-section-height-default\" data-id=\"703b3d3\" data-element_type=\"section\" data-e-type=\"section\">\n\t\t\t\t\t\t<div class=\"elementor-container elementor-column-gap-default\">\n\t\t\t\t\t<div class=\"elementor-column elementor-col-50 elementor-inner-column elementor-element elementor-element-849d68a\" data-id=\"849d68a\" data-element_type=\"column\" data-e-type=\"column\">\n\t\t\t<div class=\"elementor-widget-wrap elementor-element-populated\">\n\t\t\t\t\t\t<div class=\"elementor-element elementor-element-6216ff2 elementor-widget elementor-widget-heading\" data-id=\"6216ff2\" data-element_type=\"widget\" data-e-type=\"widget\" data-widget_type=\"heading.default\">\n\t\t\t\t<div class=\"elementor-widget-container\">\n\t\t\t\t\t<h4 class=\"elementor-heading-title elementor-size-default\">HealMe<\/h4>\t\t\t\t<\/div>\n\t\t\t\t<\/div>\n\t\t\t\t<div class=\"elementor-element elementor-element-f813d03 color-scheme-inherit text-left elementor-widget elementor-widget-text-editor\" data-id=\"f813d03\" data-element_type=\"widget\" data-e-type=\"widget\" data-widget_type=\"text-editor.default\">\n\t\t\t\t<div class=\"elementor-widget-container\">\n\t\t\t\t\t\t\t\t\t<p><span style=\"font-weight: 400;\">El objetivo del grupo HEAL &amp; ME es ofrecer a la comunidad sanitaria, desde una perspectiva multidisciplinar: educaci\u00f3n, investigaci\u00f3n y extensi\u00f3n orientadas al desarrollo y aplicaci\u00f3n de t\u00e9cnicas y pr\u00e1cticas para mejorar los procesos y servicios sanitarios, mediante el uso de metodolog\u00edas de gesti\u00f3n y estrategia, anal\u00edtica y tecnolog\u00edas de la informaci\u00f3n, investigaci\u00f3n operativa e ingenier\u00eda de la resiliencia.\u00a0<\/span><\/p>\t\t\t\t\t\t\t\t<\/div>\n\t\t\t\t<\/div>\n\t\t\t\t\t<\/div>\n\t\t<\/div>\n\t\t\t\t<div class=\"elementor-column elementor-col-50 elementor-inner-column elementor-element elementor-element-068ef73\" data-id=\"068ef73\" data-element_type=\"column\" data-e-type=\"column\">\n\t\t\t<div class=\"elementor-widget-wrap elementor-element-populated\">\n\t\t\t\t\t\t<div class=\"elementor-element elementor-element-3662f59 elementor-widget elementor-widget-image\" data-id=\"3662f59\" data-element_type=\"widget\" data-e-type=\"widget\" data-widget_type=\"image.default\">\n\t\t\t\t<div class=\"elementor-widget-container\">\n\t\t\t\t\t\t\t\t\t\t\t\t\t\t\t<img decoding=\"async\" width=\"1000\" height=\"348\" src=\"https:\/\/gepuc.cl\/wp-content\/uploads\/2024\/08\/Logo-Healme.jpg\" class=\"attachment-full size-full wp-image-291\" alt=\"\" srcset=\"https:\/\/gepuc.cl\/wp-content\/uploads\/2024\/08\/Logo-Healme.jpg 1000w, https:\/\/gepuc.cl\/wp-content\/uploads\/2024\/08\/Logo-Healme-300x104.jpg 300w, https:\/\/gepuc.cl\/wp-content\/uploads\/2024\/08\/Logo-Healme-768x267.jpg 768w\" sizes=\"(max-width: 1000px) 100vw, 1000px\" \/>\t\t\t\t\t\t\t\t\t\t\t\t\t\t\t<\/div>\n\t\t\t\t<\/div>\n\t\t\t\t\t<\/div>\n\t\t<\/div>\n\t\t\t\t\t<\/div>\n\t\t<\/section>\n\t\t\t\t\t<\/div>\n\t\t<\/div>\n\t\t\t\t\t<\/div>\n\t\t<\/section>\n\t\t\t\t<\/div>\n\t\t","protected":false},"excerpt":{"rendered":"<p>En GEPUC, nos comprometemos a la difusi\u00f3n de conocimientos y mejores pr\u00e1cticas en gesti\u00f3n de producci\u00f3n y \u00e1reas relacionadas. A<\/p>\n","protected":false},"author":1,"featured_media":0,"parent":0,"menu_order":0,"comment_status":"closed","ping_status":"closed","template":"","meta":{"footnotes":""},"class_list":["post-265","page","type-page","status-publish","hentry"],"_links":{"self":[{"href":"https:\/\/gepuc.cl\/index.php?rest_route=\/wp\/v2\/pages\/265","targetHints":{"allow":["GET"]}}],"collection":[{"href":"https:\/\/gepuc.cl\/index.php?rest_route=\/wp\/v2\/pages"}],"about":[{"href":"https:\/\/gepuc.cl\/index.php?rest_route=\/wp\/v2\/types\/page"}],"author":[{"embeddable":true,"href":"https:\/\/gepuc.cl\/index.php?rest_route=\/wp\/v2\/users\/1"}],"replies":[{"embeddable":true,"href":"https:\/\/gepuc.cl\/index.php?rest_route=%2Fwp%2Fv2%2Fcomments&post=265"}],"version-history":[{"count":10,"href":"https:\/\/gepuc.cl\/index.php?rest_route=\/wp\/v2\/pages\/265\/revisions"}],"predecessor-version":[{"id":304,"href":"https:\/\/gepuc.cl\/index.php?rest_route=\/wp\/v2\/pages\/265\/revisions\/304"}],"wp:attachment":[{"href":"https:\/\/gepuc.cl\/index.php?rest_route=%2Fwp%2Fv2%2Fmedia&parent=265"}],"curies":[{"name":"wp","href":"https:\/\/api.w.org\/{rel}","templated":true}]}}