{"id":244,"date":"2024-07-31T13:19:16","date_gmt":"2024-07-31T17:19:16","guid":{"rendered":"https:\/\/gepuc.cl\/?page_id=244"},"modified":"2024-08-29T11:54:34","modified_gmt":"2024-08-29T15:54:34","slug":"investigacion","status":"publish","type":"page","link":"https:\/\/gepuc.cl\/?page_id=244","title":{"rendered":"Investigaci\u00f3n"},"content":{"rendered":"\t\t<div data-elementor-type=\"wp-page\" data-elementor-id=\"244\" class=\"elementor elementor-244\">\n\t\t\t\t\t\t<section class=\"elementor-section elementor-top-section elementor-element elementor-element-03884d7 elementor-section-boxed elementor-section-height-default elementor-section-height-default\" data-id=\"03884d7\" data-element_type=\"section\" data-e-type=\"section\">\n\t\t\t\t\t\t<div class=\"elementor-container elementor-column-gap-default\">\n\t\t\t\t\t<div class=\"elementor-column elementor-col-100 elementor-top-column elementor-element elementor-element-44d3d92\" data-id=\"44d3d92\" data-element_type=\"column\" data-e-type=\"column\">\n\t\t\t<div class=\"elementor-widget-wrap elementor-element-populated\">\n\t\t\t\t\t\t<section class=\"elementor-section elementor-inner-section elementor-element elementor-element-66fbe4a elementor-section-boxed elementor-section-height-default elementor-section-height-default\" data-id=\"66fbe4a\" data-element_type=\"section\" data-e-type=\"section\">\n\t\t\t\t\t\t<div class=\"elementor-container elementor-column-gap-default\">\n\t\t\t\t\t<div class=\"elementor-column elementor-col-100 elementor-inner-column elementor-element elementor-element-3e9f299\" data-id=\"3e9f299\" data-element_type=\"column\" data-e-type=\"column\">\n\t\t\t<div class=\"elementor-widget-wrap elementor-element-populated\">\n\t\t\t\t\t\t<div class=\"elementor-element elementor-element-eb19a86 color-scheme-inherit text-left elementor-widget elementor-widget-text-editor\" data-id=\"eb19a86\" data-element_type=\"widget\" data-e-type=\"widget\" data-widget_type=\"text-editor.default\">\n\t\t\t\t<div class=\"elementor-widget-container\">\n\t\t\t\t\t\t\t\t\t<p><b>El Centro de Excelencia en Gesti\u00f3n de Producci\u00f3n (GEPUC)<\/b><span style=\"font-weight: 400;\">, adscrito a la Facultad de Ingenier\u00eda de la Pontificia Universidad Cat\u00f3lica de Chile, se dedica a la investigaci\u00f3n de vanguardia en gesti\u00f3n de producci\u00f3n. Nuestro equipo, compuesto por acad\u00e9micos y profesionales destacados, colabora estrechamente con empresas y organizaciones p\u00fablicas para desarrollar soluciones innovadoras que mejoren la eficiencia y competitividad en sectores estrat\u00e9gicos. GEPUC se especializa en explorar y aplicar tecnolog\u00edas emergentes, m\u00e9todos avanzados y mejores pr\u00e1cticas, contribuyendo as\u00ed al desarrollo sostenible y al progreso tecnol\u00f3gico en Chile.\u00a0<\/span><\/p>\t\t\t\t\t\t\t\t<\/div>\n\t\t\t\t<\/div>\n\t\t\t\t\t<\/div>\n\t\t<\/div>\n\t\t\t\t\t<\/div>\n\t\t<\/section>\n\t\t\t\t\t<\/div>\n\t\t<\/div>\n\t\t\t\t\t<\/div>\n\t\t<\/section>\n\t\t\t\t<section class=\"elementor-section elementor-top-section elementor-element elementor-element-66188e3 elementor-section-boxed elementor-section-height-default elementor-section-height-default\" data-id=\"66188e3\" data-element_type=\"section\" data-e-type=\"section\">\n\t\t\t\t\t\t<div class=\"elementor-container elementor-column-gap-default\">\n\t\t\t\t\t<div class=\"elementor-column elementor-col-100 elementor-top-column elementor-element elementor-element-8063e97\" data-id=\"8063e97\" data-element_type=\"column\" data-e-type=\"column\">\n\t\t\t<div class=\"elementor-widget-wrap elementor-element-populated\">\n\t\t\t\t\t\t<div class=\"elementor-element elementor-element-e640540 elementor-widget elementor-widget-heading\" data-id=\"e640540\" data-element_type=\"widget\" data-e-type=\"widget\" data-widget_type=\"heading.default\">\n\t\t\t\t<div class=\"elementor-widget-container\">\n\t\t\t\t\t<h3 class=\"elementor-heading-title elementor-size-default\">\u00c1reas Prioritarias de Acci\u00f3n<\/h3>\t\t\t\t<\/div>\n\t\t\t\t<\/div>\n\t\t\t\t<section class=\"elementor-section elementor-inner-section elementor-element elementor-element-22fc2a8 elementor-section-content-middle elementor-section-boxed elementor-section-height-default elementor-section-height-default\" data-id=\"22fc2a8\" data-element_type=\"section\" data-e-type=\"section\">\n\t\t\t\t\t\t<div class=\"elementor-container elementor-column-gap-default\">\n\t\t\t\t\t<div class=\"elementor-column elementor-col-50 elementor-inner-column elementor-element elementor-element-abeb0ad\" data-id=\"abeb0ad\" data-element_type=\"column\" data-e-type=\"column\">\n\t\t\t<div class=\"elementor-widget-wrap elementor-element-populated\">\n\t\t\t\t\t\t<div class=\"elementor-element elementor-element-fbc48ae color-scheme-inherit text-left elementor-widget elementor-widget-text-editor\" data-id=\"fbc48ae\" data-element_type=\"widget\" data-e-type=\"widget\" data-widget_type=\"text-editor.default\">\n\t\t\t\t<div class=\"elementor-widget-container\">\n\t\t\t\t\t\t\t\t\t<p><span style=\"font-weight: 400;\">En GEPUC, nos enfocamos en \u00e1reas clave para mejorar la eficiencia y competitividad de la industria y el sector p\u00fablico chileno. Nuestras \u00e1reas prioritarias incluyen:<\/span><\/p><ol><li style=\"font-weight: 400;\" aria-level=\"1\"><b>Salud<\/b><span style=\"font-weight: 400;\">: Innovaci\u00f3n en la gesti\u00f3n de servicios de salud, implementaci\u00f3n de tecnolog\u00edas m\u00e9dicas y optimizaci\u00f3n de procesos sanitarios.<\/span><\/li><li style=\"font-weight: 400;\" aria-level=\"1\"><b>Construcci\u00f3n<\/b><span style=\"font-weight: 400;\">: Mejora de pr\u00e1cticas constructivas, implementaci\u00f3n de tecnolog\u00edas sostenibles y aumento de la eficiencia en proyectos de infraestructura.<\/span><\/li><li style=\"font-weight: 400;\" aria-level=\"1\"><b>Agroindustria<\/b><span style=\"font-weight: 400;\">: Aplicaci\u00f3n de tecnolog\u00edas avanzadas para la producci\u00f3n agr\u00edcola, gesti\u00f3n sostenible de recursos y desarrollo de nuevos productos agroalimentarios.<\/span><\/li><li style=\"font-weight: 400;\" aria-level=\"1\"><b>Log\u00edstica<\/b><span style=\"font-weight: 400;\">: Optimizaci\u00f3n de cadenas de suministro, mejora en la gesti\u00f3n de inventarios y uso de tecnolog\u00edas para la eficiencia en el transporte.<\/span><\/li><li style=\"font-weight: 400;\" aria-level=\"1\"><b>Gobierno y P\u00fablico<\/b><span style=\"font-weight: 400;\">: Fortalecimiento de la gesti\u00f3n p\u00fablica, desarrollo de pol\u00edticas basadas en datos y promoci\u00f3n de la innovaci\u00f3n en el sector gubernamental.\u00a0<\/span><\/li><\/ol>\t\t\t\t\t\t\t\t<\/div>\n\t\t\t\t<\/div>\n\t\t\t\t\t<\/div>\n\t\t<\/div>\n\t\t\t\t<div class=\"elementor-column elementor-col-50 elementor-inner-column elementor-element elementor-element-6f5627f\" data-id=\"6f5627f\" data-element_type=\"column\" data-e-type=\"column\">\n\t\t\t<div class=\"elementor-widget-wrap elementor-element-populated\">\n\t\t\t\t\t\t<div class=\"elementor-element elementor-element-b22a125 elementor-widget elementor-widget-image\" data-id=\"b22a125\" data-element_type=\"widget\" data-e-type=\"widget\" data-widget_type=\"image.default\">\n\t\t\t\t<div class=\"elementor-widget-container\">\n\t\t\t\t\t\t\t\t\t\t\t\t\t\t\t<img decoding=\"async\" src=\"https:\/\/gepuc.cl\/wp-content\/uploads\/elementor\/thumbs\/Foto-0-Areas-Prioritarias-qrzk9niujfkzfww4eke8ewcb7mu7xf1jrph5dgs02s.jpg\" title=\"Foto 0 Areas Prioritarias\" alt=\"Foto 0 Areas Prioritarias\" loading=\"lazy\" \/>\t\t\t\t\t\t\t\t\t\t\t\t\t\t\t<\/div>\n\t\t\t\t<\/div>\n\t\t\t\t\t<\/div>\n\t\t<\/div>\n\t\t\t\t\t<\/div>\n\t\t<\/section>\n\t\t\t\t\t<\/div>\n\t\t<\/div>\n\t\t\t\t\t<\/div>\n\t\t<\/section>\n\t\t\t\t<section class=\"elementor-section elementor-top-section elementor-element elementor-element-fc09e3d elementor-section-boxed elementor-section-height-default elementor-section-height-default\" data-id=\"fc09e3d\" data-element_type=\"section\" data-e-type=\"section\">\n\t\t\t\t\t\t<div class=\"elementor-container elementor-column-gap-default\">\n\t\t\t\t\t<div class=\"elementor-column elementor-col-100 elementor-top-column elementor-element elementor-element-4ca44b2\" data-id=\"4ca44b2\" data-element_type=\"column\" data-e-type=\"column\">\n\t\t\t<div class=\"elementor-widget-wrap elementor-element-populated\">\n\t\t\t\t\t\t<div class=\"elementor-element elementor-element-68ed47b elementor-widget elementor-widget-heading\" data-id=\"68ed47b\" data-element_type=\"widget\" data-e-type=\"widget\" data-widget_type=\"heading.default\">\n\t\t\t\t<div class=\"elementor-widget-container\">\n\t\t\t\t\t<h3 class=\"elementor-heading-title elementor-size-default\">L\u00edneas de Investigaci\u00f3n<\/h3>\t\t\t\t<\/div>\n\t\t\t\t<\/div>\n\t\t\t\t<section class=\"elementor-section elementor-inner-section elementor-element elementor-element-d2044de elementor-section-boxed elementor-section-height-default elementor-section-height-default\" data-id=\"d2044de\" data-element_type=\"section\" data-e-type=\"section\">\n\t\t\t\t\t\t<div class=\"elementor-container elementor-column-gap-default\">\n\t\t\t\t\t<div class=\"elementor-column elementor-col-100 elementor-inner-column elementor-element elementor-element-4d2ebde\" data-id=\"4d2ebde\" data-element_type=\"column\" data-e-type=\"column\">\n\t\t\t<div class=\"elementor-widget-wrap elementor-element-populated\">\n\t\t\t\t\t\t<div class=\"elementor-element elementor-element-fcdff0c color-scheme-inherit text-left elementor-widget elementor-widget-text-editor\" data-id=\"fcdff0c\" data-element_type=\"widget\" data-e-type=\"widget\" data-widget_type=\"text-editor.default\">\n\t\t\t\t<div class=\"elementor-widget-container\">\n\t\t\t\t\t\t\t\t\t<p><span style=\"font-weight: 400;\">En GEPUC, nuestras l\u00edneas de investigaci\u00f3n est\u00e1n alineadas con las tendencias globales y las necesidades del mercado, incluyendo tanto al sector privado como p\u00fablico:<\/span><\/p><ol><li style=\"font-weight: 400;\" aria-level=\"1\"><b>Transformaci\u00f3n Digital e Industria 4.0<\/b><span style=\"font-weight: 400;\">: Combinamos la digitalizaci\u00f3n de procesos con tecnolog\u00edas avanzadas como la Internet de las Cosas (IoT), inteligencia artificial y rob\u00f3tica, para impulsar la eficiencia y flexibilidad en la producci\u00f3n y servicios.<\/span><\/li><li style=\"font-weight: 400;\" aria-level=\"1\"><b>Gesti\u00f3n del Cambio<\/b><span style=\"font-weight: 400;\">: Investigamos las mejores pr\u00e1cticas para gestionar el cambio organizacional, asegurando que las transformaciones tecnol\u00f3gicas y de procesos se implementen de manera efectiva en empresas y organizaciones p\u00fablicas.<\/span><\/li><li style=\"font-weight: 400;\" aria-level=\"1\"><b>Lean Management<\/b><span style=\"font-weight: 400;\">: Aplicamos principios de gesti\u00f3n lean para eliminar desperdicios, optimizar recursos y mejorar la calidad y eficiencia en todos los aspectos de la producci\u00f3n y servicios.\u00a0<\/span><\/li><\/ol>\t\t\t\t\t\t\t\t<\/div>\n\t\t\t\t<\/div>\n\t\t\t\t\t<\/div>\n\t\t<\/div>\n\t\t\t\t\t<\/div>\n\t\t<\/section>\n\t\t\t\t\t<\/div>\n\t\t<\/div>\n\t\t\t\t\t<\/div>\n\t\t<\/section>\n\t\t\t\t<section class=\"elementor-section elementor-top-section elementor-element elementor-element-5fe3edc elementor-section-boxed elementor-section-height-default elementor-section-height-default\" data-id=\"5fe3edc\" data-element_type=\"section\" data-e-type=\"section\">\n\t\t\t\t\t\t<div class=\"elementor-container elementor-column-gap-default\">\n\t\t\t\t\t<div class=\"elementor-column elementor-col-100 elementor-top-column elementor-element elementor-element-3583666\" data-id=\"3583666\" data-element_type=\"column\" data-e-type=\"column\">\n\t\t\t<div class=\"elementor-widget-wrap elementor-element-populated\">\n\t\t\t\t\t\t<div class=\"elementor-element elementor-element-39d1b0a elementor-widget elementor-widget-heading\" data-id=\"39d1b0a\" data-element_type=\"widget\" data-e-type=\"widget\" data-widget_type=\"heading.default\">\n\t\t\t\t<div class=\"elementor-widget-container\">\n\t\t\t\t\t<h3 class=\"elementor-heading-title elementor-size-default\">Modos de Trabajo<\/h3>\t\t\t\t<\/div>\n\t\t\t\t<\/div>\n\t\t\t\t<div class=\"elementor-element elementor-element-1fc90af color-scheme-inherit text-left elementor-widget elementor-widget-text-editor\" data-id=\"1fc90af\" data-element_type=\"widget\" data-e-type=\"widget\" data-widget_type=\"text-editor.default\">\n\t\t\t\t<div class=\"elementor-widget-container\">\n\t\t\t\t\t\t\t\t\t<p><span style=\"font-weight: 400;\">En GEPUC, ofrecemos modos de trabajo flexibles y colaborativos para empresas y organizaciones p\u00fablicas, incluyendo:<\/span><\/p>\t\t\t\t\t\t\t\t<\/div>\n\t\t\t\t<\/div>\n\t\t\t\t<section class=\"elementor-section elementor-inner-section elementor-element elementor-element-0a32180 elementor-section-content-middle elementor-section-boxed elementor-section-height-default elementor-section-height-default\" data-id=\"0a32180\" data-element_type=\"section\" data-e-type=\"section\">\n\t\t\t\t\t\t<div class=\"elementor-container elementor-column-gap-default\">\n\t\t\t\t\t<div class=\"elementor-column elementor-col-50 elementor-inner-column elementor-element elementor-element-6dc262b\" data-id=\"6dc262b\" data-element_type=\"column\" data-e-type=\"column\">\n\t\t\t<div class=\"elementor-widget-wrap elementor-element-populated\">\n\t\t\t\t\t\t<div class=\"elementor-element elementor-element-b79f968 color-scheme-inherit text-left elementor-widget elementor-widget-text-editor\" data-id=\"b79f968\" data-element_type=\"widget\" data-e-type=\"widget\" data-widget_type=\"text-editor.default\">\n\t\t\t\t<div class=\"elementor-widget-container\">\n\t\t\t\t\t\t\t\t\t<ol><li><b>Grupos Colaborativos<\/b><span style=\"font-weight: 400;\">:<\/span><\/li><\/ol><ul><li style=\"list-style-type: none;\"><ul><li style=\"font-weight: 400;\" aria-level=\"2\"><span style=\"font-weight: 400;\">Estos grupos se forman con la participaci\u00f3n de cuatro o m\u00e1s organizaciones, que trabajan juntas en proyectos de investigaci\u00f3n compartida durante un per\u00edodo de 10 meses. Los participantes intercambian informaci\u00f3n, realizan benchmarking y publican resultados, generando un aprendizaje colectivo. Los grupos colaborativos est\u00e1n sujetos a la ley de donaciones, permitiendo acceso a beneficios fiscales y otros incentivos de GEPUC.<\/span><\/li><\/ul><\/li><\/ul>\t\t\t\t\t\t\t\t<\/div>\n\t\t\t\t<\/div>\n\t\t\t\t\t<\/div>\n\t\t<\/div>\n\t\t\t\t<div class=\"elementor-column elementor-col-50 elementor-inner-column elementor-element elementor-element-94c973c\" data-id=\"94c973c\" data-element_type=\"column\" data-e-type=\"column\">\n\t\t\t<div class=\"elementor-widget-wrap elementor-element-populated\">\n\t\t\t\t\t\t<div class=\"elementor-element elementor-element-70cad5f elementor-widget elementor-widget-image\" data-id=\"70cad5f\" data-element_type=\"widget\" data-e-type=\"widget\" data-widget_type=\"image.default\">\n\t\t\t\t<div class=\"elementor-widget-container\">\n\t\t\t\t\t\t\t\t\t\t\t\t\t\t\t<img decoding=\"async\" src=\"https:\/\/gepuc.cl\/wp-content\/uploads\/elementor\/thumbs\/Foto-1-GRupo-Golaborativo-qrzk9ogoq9m9riur92suze3rt0pl545a3u4muqqlwk.jpg\" title=\"Foto 1 GRupo Golaborativo.\" alt=\"Foto 1 GRupo Golaborativo.\" loading=\"lazy\" \/>\t\t\t\t\t\t\t\t\t\t\t\t\t\t\t<\/div>\n\t\t\t\t<\/div>\n\t\t\t\t\t<\/div>\n\t\t<\/div>\n\t\t\t\t\t<\/div>\n\t\t<\/section>\n\t\t\t\t<section class=\"elementor-section elementor-inner-section elementor-element elementor-element-5e61a5b elementor-section-content-middle elementor-section-boxed elementor-section-height-default elementor-section-height-default\" data-id=\"5e61a5b\" data-element_type=\"section\" data-e-type=\"section\">\n\t\t\t\t\t\t<div class=\"elementor-container elementor-column-gap-default\">\n\t\t\t\t\t<div class=\"elementor-column elementor-col-50 elementor-inner-column elementor-element elementor-element-01fa682\" data-id=\"01fa682\" data-element_type=\"column\" data-e-type=\"column\">\n\t\t\t<div class=\"elementor-widget-wrap elementor-element-populated\">\n\t\t\t\t\t\t<div class=\"elementor-element elementor-element-83542db color-scheme-inherit text-left elementor-widget elementor-widget-text-editor\" data-id=\"83542db\" data-element_type=\"widget\" data-e-type=\"widget\" data-widget_type=\"text-editor.default\">\n\t\t\t\t<div class=\"elementor-widget-container\">\n\t\t\t\t\t\t\t\t\t<p><b>2. Contract Research<\/b><span style=\"font-weight: 400;\">:<\/span><\/p><ol><li style=\"list-style-type: none;\"><ul><li style=\"font-weight: 400;\" aria-level=\"2\"><span style=\"font-weight: 400;\">Este modelo permite la colaboraci\u00f3n uno a uno entre GEPUC y una organizaci\u00f3n, centrada en la implementaci\u00f3n, capacitaci\u00f3n o prueba de nuevas soluciones a medida. La duraci\u00f3n de estos proyectos es variable, dependiendo del alcance y las necesidades espec\u00edficas de la organizaci\u00f3n. El contract research genera resultados aplicables directamente a la organizaci\u00f3n, como informes detallados y metodolog\u00edas de continuidad, y tambi\u00e9n es sujeto a la ley de donaciones, ofreciendo contraprestaciones directas.<\/span><\/li><\/ul><\/li><\/ol>\t\t\t\t\t\t\t\t<\/div>\n\t\t\t\t<\/div>\n\t\t\t\t\t<\/div>\n\t\t<\/div>\n\t\t\t\t<div class=\"elementor-column elementor-col-50 elementor-inner-column elementor-element elementor-element-99e0983\" data-id=\"99e0983\" data-element_type=\"column\" data-e-type=\"column\">\n\t\t\t<div class=\"elementor-widget-wrap elementor-element-populated\">\n\t\t\t\t\t\t<div class=\"elementor-element elementor-element-2f1aab0 elementor-widget elementor-widget-image\" data-id=\"2f1aab0\" data-element_type=\"widget\" data-e-type=\"widget\" data-widget_type=\"image.default\">\n\t\t\t\t<div class=\"elementor-widget-container\">\n\t\t\t\t\t\t\t\t\t\t\t\t\t\t\t<img fetchpriority=\"high\" decoding=\"async\" width=\"1000\" height=\"650\" src=\"https:\/\/gepuc.cl\/wp-content\/uploads\/2024\/08\/Foto-2-Contract-research-e1722549238397.jpg\" class=\"attachment-full size-full wp-image-287\" alt=\"\" srcset=\"https:\/\/gepuc.cl\/wp-content\/uploads\/2024\/08\/Foto-2-Contract-research-e1722549238397.jpg 1000w, https:\/\/gepuc.cl\/wp-content\/uploads\/2024\/08\/Foto-2-Contract-research-e1722549238397-300x195.jpg 300w, https:\/\/gepuc.cl\/wp-content\/uploads\/2024\/08\/Foto-2-Contract-research-e1722549238397-768x499.jpg 768w\" sizes=\"(max-width: 1000px) 100vw, 1000px\" \/>\t\t\t\t\t\t\t\t\t\t\t\t\t\t\t<\/div>\n\t\t\t\t<\/div>\n\t\t\t\t\t<\/div>\n\t\t<\/div>\n\t\t\t\t\t<\/div>\n\t\t<\/section>\n\t\t\t\t\t<\/div>\n\t\t<\/div>\n\t\t\t\t\t<\/div>\n\t\t<\/section>\n\t\t\t\t<section class=\"elementor-section elementor-top-section elementor-element elementor-element-d504448 elementor-section-boxed elementor-section-height-default elementor-section-height-default\" data-id=\"d504448\" data-element_type=\"section\" data-e-type=\"section\">\n\t\t\t\t\t\t<div class=\"elementor-container elementor-column-gap-default\">\n\t\t\t\t\t<div class=\"elementor-column elementor-col-100 elementor-top-column elementor-element elementor-element-9b5564b\" data-id=\"9b5564b\" data-element_type=\"column\" data-e-type=\"column\">\n\t\t\t<div class=\"elementor-widget-wrap elementor-element-populated\">\n\t\t\t\t\t\t<div class=\"elementor-element elementor-element-9fd07ba elementor-widget elementor-widget-heading\" data-id=\"9fd07ba\" data-element_type=\"widget\" data-e-type=\"widget\" data-widget_type=\"heading.default\">\n\t\t\t\t<div class=\"elementor-widget-container\">\n\t\t\t\t\t<h3 class=\"elementor-heading-title elementor-size-default\">Formaci\u00f3n de Capital Humano Avanzado con la Industria<\/h3>\t\t\t\t<\/div>\n\t\t\t\t<\/div>\n\t\t\t\t<section class=\"elementor-section elementor-inner-section elementor-element elementor-element-4ef0fe9 elementor-section-boxed elementor-section-height-default elementor-section-height-default\" data-id=\"4ef0fe9\" data-element_type=\"section\" data-e-type=\"section\">\n\t\t\t\t\t\t<div class=\"elementor-container elementor-column-gap-default\">\n\t\t\t\t\t<div class=\"elementor-column elementor-col-100 elementor-inner-column elementor-element elementor-element-dd12c01\" data-id=\"dd12c01\" data-element_type=\"column\" data-e-type=\"column\">\n\t\t\t<div class=\"elementor-widget-wrap elementor-element-populated\">\n\t\t\t\t\t\t<div class=\"elementor-element elementor-element-4d47b3b color-scheme-inherit text-left elementor-widget elementor-widget-text-editor\" data-id=\"4d47b3b\" data-element_type=\"widget\" data-e-type=\"widget\" data-widget_type=\"text-editor.default\">\n\t\t\t\t<div class=\"elementor-widget-container\">\n\t\t\t\t\t\t\t\t\t<p>Impulsamos la colaboraci\u00f3n entre la academia y el sector industrial a trav\u00e9s de nuestro Doctorado en Ingenier\u00eda y Ciencias con la Industria. Este programa forma investigadores de alto nivel capaces de abordar los desaf\u00edos tecnol\u00f3gicos actuales y futuros, generando soluciones innovadoras que beneficien a la sociedad y al sector productivo.\u00a0<\/p>\t\t\t\t\t\t\t\t<\/div>\n\t\t\t\t<\/div>\n\t\t\t\t\t<\/div>\n\t\t<\/div>\n\t\t\t\t\t<\/div>\n\t\t<\/section>\n\t\t\t\t\t<\/div>\n\t\t<\/div>\n\t\t\t\t\t<\/div>\n\t\t<\/section>\n\t\t\t\t<\/div>\n\t\t","protected":false},"excerpt":{"rendered":"<p>El Centro de Excelencia en Gesti\u00f3n de Producci\u00f3n (GEPUC), adscrito a la Facultad de Ingenier\u00eda de la Pontificia Universidad Cat\u00f3lica<\/p>\n","protected":false},"author":1,"featured_media":0,"parent":0,"menu_order":0,"comment_status":"closed","ping_status":"closed","template":"","meta":{"footnotes":""},"class_list":["post-244","page","type-page","status-publish","hentry"],"_links":{"self":[{"href":"https:\/\/gepuc.cl\/index.php?rest_route=\/wp\/v2\/pages\/244","targetHints":{"allow":["GET"]}}],"collection":[{"href":"https:\/\/gepuc.cl\/index.php?rest_route=\/wp\/v2\/pages"}],"about":[{"href":"https:\/\/gepuc.cl\/index.php?rest_route=\/wp\/v2\/types\/page"}],"author":[{"embeddable":true,"href":"https:\/\/gepuc.cl\/index.php?rest_route=\/wp\/v2\/users\/1"}],"replies":[{"embeddable":true,"href":"https:\/\/gepuc.cl\/index.php?rest_route=%2Fwp%2Fv2%2Fcomments&post=244"}],"version-history":[{"count":19,"href":"https:\/\/gepuc.cl\/index.php?rest_route=\/wp\/v2\/pages\/244\/revisions"}],"predecessor-version":[{"id":324,"href":"https:\/\/gepuc.cl\/index.php?rest_route=\/wp\/v2\/pages\/244\/revisions\/324"}],"wp:attachment":[{"href":"https:\/\/gepuc.cl\/index.php?rest_route=%2Fwp%2Fv2%2Fmedia&parent=244"}],"curies":[{"name":"wp","href":"https:\/\/api.w.org\/{rel}","templated":true}]}}